{"id":5120,"date":"2025-01-06T23:54:28","date_gmt":"2025-01-06T23:54:28","guid":{"rendered":"https:\/\/millahofficial.com\/quantum\/"},"modified":"2026-04-23T18:42:34","modified_gmt":"2026-04-23T18:42:34","slug":"quantum","status":"publish","type":"page","link":"https:\/\/millahofficial.com\/pt-br\/quantum\/","title":{"rendered":"Quantum"},"content":{"rendered":"\t\t<div data-elementor-type=\"wp-page\" data-elementor-id=\"5120\" class=\"elementor elementor-5120\" data-elementor-post-type=\"page\">\n\t\t\t\t<div class=\"elementor-element elementor-element-ca716a7 e-flex e-con-boxed e-con e-parent\" data-id=\"ca716a7\" data-element_type=\"container\" data-e-type=\"container\" data-settings=\"{&quot;background_background&quot;:&quot;classic&quot;}\">\n\t\t\t\t\t<div class=\"e-con-inner\">\n\t\t\t\t<div class=\"elementor-element elementor-element-c814948 elementor-widget elementor-widget-html\" data-id=\"c814948\" data-element_type=\"widget\" data-e-type=\"widget\" data-widget_type=\"html.default\">\n\t\t\t\t<div class=\"elementor-widget-container\">\n\t\t\t\t\t\n<style>\n#video-quantum, #lap-top-quantum {\n    cursor: pointer;\n}\n    .titulo-especial{ background: linear-gradient(to right, #CFB875 30%, #73532A 60%); -webkit-background-clip: text; -webkit-text-fill-color: transparent; background-clip: text; text-fill-color: transparent; }\n    \n    .titulo-especial-form{\n        background: linear-gradient(to right, #CFB875 50%, #73532A 60%); -webkit-background-clip: text; -webkit-text-fill-color: transparent; background-clip: text; text-fill-color: transparent;\n        \n    }\n    \n    .titulo-especial-4 {\n        background: linear-gradient(45deg, #edd671 7%, #5f4522 40%);\n        -webkit-background-clip: text;\n        -webkit-text-fill-color: transparent;\n        background-clip: text;\n        text-fill-color: transparent;\n        }\n        \n    .titulo-especial-5 {\n        background: linear-gradient(45deg, #edd671 35%, #5f4522 50%);\n        -webkit-background-clip: text;\n        -webkit-text-fill-color: transparent;\n        background-clip: text;\n        text-fill-color: transparent;\n        }\n        \n    .titulo-especial-6 {\n        background: linear-gradient(45deg, #5f4522 20%, #edd671 70%);\n        -webkit-background-clip: text;\n        -webkit-text-fill-color: transparent;\n        background-clip: text;\n        text-fill-color: transparent;\n        }\n        \n    .titulo-especial-7 {\n        background: linear-gradient(45deg, #5f4522 20%, #c3b378 70%);\n        -webkit-background-clip: text;\n        -webkit-text-fill-color: transparent;\n        background-clip: text;\n        text-fill-color: transparent;\n        }\n        \n    .titulo-especial-8 {\n        background: linear-gradient(175deg, #5f4522 30%, #c3b378 60%);\n        -webkit-background-clip: text;\n        -webkit-text-fill-color: transparent;\n        background-clip: text;\n        text-fill-color: transparent;\n        }\n        \n    \n    #sec-video-custom-1 video.elementor-html5-video {\n        object-fit: contain !important;\n    }\n    \n    \n    #sec-video-custom-2 .e-hosted-video video {\n        object-fit: contain !important;\n    }\n    \n    .elementor-widget-video .elementor-wrapper video {\n        background-color: transparent;\n    }\n    \n    .gradient-text-vermelho {\n      font-size: 2.5rem;\n      font-weight: bold;\n      text-transform: capitalize;\n      background: linear-gradient(to right, black, #f43f5e);\n      -webkit-background-clip: text;\n      -webkit-text-fill-color: transparent;\n      text-align: center;\n      font-family: Arial, sans-serif;\n    }\n    \n    body {\n    overflow-x: hidden; \/* Oculta a barra de rolagem horizontal *\/\n    }\n    \n    #slide-rediscover-home .elementor-button {\n    padding: 10px 40px \n    }\n\n    .elementor-element .swiper .elementor-swiper-button {\n        background-color: white;\n        border-radius: 50px;\n        padding: 9px;\n        margin-top: -20px;\n        margin-left: 8px;\n    }\n#mudabtn button{\n        background-image: linear-gradient(90deg, #CFB875 0%, #73532A 100%);\n}\n<\/style>\n\n\n<script>\n    \/**Reproduzir viceo especifico com clique**\/\ndocument.addEventListener(\"DOMContentLoaded\", () => {\n    const imageContainer = document.getElementById(\"lap-top-quantum\");\n    const videoContainer = document.getElementById(\"video-quantum\");\n\n    if (videoContainer) {\n        const video = videoContainer.querySelector(\"video\");\n\n        if (video) {\n            imageContainer.addEventListener(\"click\", () => {\n                if (video.paused) {\n                    video.play();\n                } else {\n                    video.pause();\n                }\n            });\n        } else {\n            console.error(\"Elemento <video> n\u00e3o encontrado dentro do cont\u00eainer.\");\n        }\n    } else {\n        console.error(\"Cont\u00eainer do v\u00eddeo com ID 'video-quantum' n\u00e3o encontrado.\");\n    }\n});\n\n\n<\/script>\n\t\t\t\t<\/div>\n\t\t\t\t<\/div>\n\t\t<div class=\"elementor-element elementor-element-464ca5d e-con-full e-flex e-con e-child\" data-id=\"464ca5d\" data-element_type=\"container\" data-e-type=\"container\">\n\t\t\t\t<div class=\"elementor-element elementor-element-a86b9c3 elementor-widget elementor-widget-image\" data-id=\"a86b9c3\" data-element_type=\"widget\" data-e-type=\"widget\" data-widget_type=\"image.default\">\n\t\t\t\t<div class=\"elementor-widget-container\">\n\t\t\t\t\t\t\t\t\t\t\t\t\t\t\t<img decoding=\"async\" width=\"259\" height=\"45\" src=\"https:\/\/millahofficial.com\/wp-content\/uploads\/2025\/02\/tit1-quantum.png\" class=\"attachment-full size-full wp-image-4468\" alt=\"\" \/>\t\t\t\t\t\t\t\t\t\t\t\t\t\t\t<\/div>\n\t\t\t\t<\/div>\n\t\t\t\t<\/div>\n\t\t<div class=\"elementor-element elementor-element-cbe3d08 e-con-full e-flex e-con e-child\" data-id=\"cbe3d08\" data-element_type=\"container\" data-e-type=\"container\">\n\t\t\t\t<div class=\"elementor-element elementor-element-fb7552c elementor-widget elementor-widget-image\" data-id=\"fb7552c\" data-element_type=\"widget\" data-e-type=\"widget\" data-widget_type=\"image.default\">\n\t\t\t\t<div class=\"elementor-widget-container\">\n\t\t\t\t\t\t\t\t\t\t\t\t\t\t\t<img decoding=\"async\" width=\"285\" height=\"74\" src=\"https:\/\/millahofficial.com\/wp-content\/uploads\/2025\/02\/tit2-quantum.png\" class=\"attachment-full size-full wp-image-4469\" alt=\"\" \/>\t\t\t\t\t\t\t\t\t\t\t\t\t\t\t<\/div>\n\t\t\t\t<\/div>\n\t\t\t\t<\/div>\n\t\t\t\t\t<\/div>\n\t\t\t\t<\/div>\n\t\t<div class=\"elementor-element elementor-element-f22f51f e-flex e-con-boxed e-con e-parent\" data-id=\"f22f51f\" data-element_type=\"container\" data-e-type=\"container\">\n\t\t\t\t\t<div class=\"e-con-inner\">\n\t\t\t\t<div class=\"elementor-element elementor-element-520d921 elementor-widget elementor-widget-image\" data-id=\"520d921\" data-element_type=\"widget\" data-e-type=\"widget\" data-widget_type=\"image.default\">\n\t\t\t\t<div class=\"elementor-widget-container\">\n\t\t\t\t\t\t\t\t\t\t\t\t\t\t\t<img fetchpriority=\"high\" decoding=\"async\" width=\"462\" height=\"541\" src=\"https:\/\/millahofficial.com\/wp-content\/uploads\/2025\/02\/geom-c-sombra-millah.png\" class=\"attachment-full size-full wp-image-4467\" alt=\"\" srcset=\"https:\/\/millahofficial.com\/wp-content\/uploads\/2025\/02\/geom-c-sombra-millah.png 462w, https:\/\/millahofficial.com\/wp-content\/uploads\/2025\/02\/geom-c-sombra-millah-256x300.png 256w\" sizes=\"(max-width: 462px) 100vw, 462px\" \/>\t\t\t\t\t\t\t\t\t\t\t\t\t\t\t<\/div>\n\t\t\t\t<\/div>\n\t\t<div class=\"elementor-element elementor-element-ea6b1ab e-con-full e-flex e-con e-child\" data-id=\"ea6b1ab\" data-element_type=\"container\" data-e-type=\"container\">\n\t\t\t\t<div class=\"elementor-element elementor-element-e2b92b3 elementor-widget__width-initial elementor-widget elementor-widget-heading\" data-id=\"e2b92b3\" data-element_type=\"widget\" data-e-type=\"widget\" data-widget_type=\"heading.default\">\n\t\t\t\t<div class=\"elementor-widget-container\">\n\t\t\t\t\t<h2 class=\"elementor-heading-title elementor-size-default\"><i>This page is not available in Portuguese<\/i><br>\n<b>Esta p\u00e1gina n\u00e3o est\u00e1 dispon\u00edvel em portugu\u00eas.<\/b><\/h2>\t\t\t\t<\/div>\n\t\t\t\t<\/div>\n\t\t\t\t<\/div>\n\t\t\t\t\t<\/div>\n\t\t\t\t<\/div>\n\t\t\t\t<\/div>\n\t\t","protected":false},"excerpt":{"rendered":"<p>This page is not available in Portuguese Esta p\u00e1gina n\u00e3o est\u00e1 dispon\u00edvel em portugu\u00eas.<\/p>\n","protected":false},"author":1,"featured_media":0,"parent":0,"menu_order":0,"comment_status":"closed","ping_status":"closed","template":"elementor_header_footer","meta":{"footnotes":""},"class_list":["post-5120","page","type-page","status-publish","hentry"],"_links":{"self":[{"href":"https:\/\/millahofficial.com\/pt-br\/wp-json\/wp\/v2\/pages\/5120","targetHints":{"allow":["GET"]}}],"collection":[{"href":"https:\/\/millahofficial.com\/pt-br\/wp-json\/wp\/v2\/pages"}],"about":[{"href":"https:\/\/millahofficial.com\/pt-br\/wp-json\/wp\/v2\/types\/page"}],"author":[{"embeddable":true,"href":"https:\/\/millahofficial.com\/pt-br\/wp-json\/wp\/v2\/users\/1"}],"replies":[{"embeddable":true,"href":"https:\/\/millahofficial.com\/pt-br\/wp-json\/wp\/v2\/comments?post=5120"}],"version-history":[{"count":97,"href":"https:\/\/millahofficial.com\/pt-br\/wp-json\/wp\/v2\/pages\/5120\/revisions"}],"predecessor-version":[{"id":8082,"href":"https:\/\/millahofficial.com\/pt-br\/wp-json\/wp\/v2\/pages\/5120\/revisions\/8082"}],"wp:attachment":[{"href":"https:\/\/millahofficial.com\/pt-br\/wp-json\/wp\/v2\/media?parent=5120"}],"curies":[{"name":"wp","href":"https:\/\/api.w.org\/{rel}","templated":true}]}}