{"id":5115,"date":"2024-12-26T17:05:06","date_gmt":"2024-12-26T17:05:06","guid":{"rendered":"https:\/\/millahofficial.com\/free-stuff\/"},"modified":"2025-09-05T19:47:27","modified_gmt":"2025-09-05T19:47:27","slug":"free-stuff","status":"publish","type":"page","link":"https:\/\/millahofficial.com\/pt-br\/free-stuff\/","title":{"rendered":"Free Stuff"},"content":{"rendered":"\t\t<div data-elementor-type=\"wp-page\" data-elementor-id=\"5115\" class=\"elementor elementor-5115\" data-elementor-post-type=\"page\">\n\t\t\t\t<div class=\"elementor-element elementor-element-32eecfa e-flex e-con-boxed e-con e-parent\" data-id=\"32eecfa\" data-element_type=\"container\" data-settings=\"{&quot;background_background&quot;:&quot;classic&quot;}\">\n\t\t\t\t\t<div class=\"e-con-inner\">\n\t\t\t\t<div class=\"elementor-element elementor-element-6f59223 elementor-widget elementor-widget-html\" data-id=\"6f59223\" data-element_type=\"widget\" data-widget_type=\"html.default\">\n\t\t\t\t<div class=\"elementor-widget-container\">\n\t\t\t\t\t\n<style>\n#mudabtn button{\n        background-image: linear-gradient(90deg, #CFB875 0%, #73532A 100%);\n}\n    .titulo-especial{ background: linear-gradient(to right, #CFB875 30%, #73532A 60%); -webkit-background-clip: text; -webkit-text-fill-color: transparent; background-clip: text; text-fill-color: transparent; }\n    \n    .titulo-especial-4 {\n        background: linear-gradient(167deg, #9D935F 42%, #ab8450 65%);\n        -webkit-background-clip: text;\n        -webkit-text-fill-color: transparent;\n        background-clip: text;\n        text-fill-color: transparent;\n        }\n        \n    .titulo-especial-5 {\n        background: linear-gradient(45deg, #edd671 35%, #5f4522 50%);\n        -webkit-background-clip: text;\n        -webkit-text-fill-color: transparent;\n        background-clip: text;\n        text-fill-color: transparent;\n        }\n        \n    .titulo-especial-6 {\n        background: linear-gradient(45deg, #5f4522 20%, #edd671 70%);\n        -webkit-background-clip: text;\n        -webkit-text-fill-color: transparent;\n        background-clip: text;\n        text-fill-color: transparent;\n        }\n        \n    .titulo-especial-7 {\n        background: linear-gradient(45deg, #5f4522 20%, #c3b378 70%);\n        -webkit-background-clip: text;\n        -webkit-text-fill-color: transparent;\n        background-clip: text;\n        text-fill-color: transparent;\n        }\n        \n    .titulo-especial-8 {\n        background: linear-gradient(175deg, #5f4522 30%, #c3b378 60%);\n        -webkit-background-clip: text;\n        -webkit-text-fill-color: transparent;\n        background-clip: text;\n        text-fill-color: transparent;\n        }\n        \n    \n    #sec-video-custom-1 video.elementor-html5-video {\n        object-fit: contain !important;\n    }\n    \n    \n    #sec-video-custom-2 .e-hosted-video video {\n        object-fit: contain !important;\n    }\n    \n    .elementor-widget-video .elementor-wrapper video {\n        background-color: transparent;\n    }\n    \n    .gradient-text-vermelho {\n      font-size: 2.5rem;\n      font-weight: bold;\n      text-transform: capitalize;\n      background: linear-gradient(to right, black, #f43f5e);\n      -webkit-background-clip: text;\n      -webkit-text-fill-color: transparent;\n      text-align: center;\n      font-family: Arial, sans-serif;\n    }\n    \n    body {\n    overflow-x: hidden; \/* Oculta a barra de rolagem horizontal *\/\n    }\n    \n    #slide-rediscover-home .elementor-button {\n    padding: 10px 40px \n    }\n\n    .elementor-element .swiper .elementor-swiper-button {\n        background-color: white;\n        border-radius: 50px;\n        padding: 9px;\n        margin-top: -20px;\n        margin-left: 8px;\n    }\n\n<\/style>\n\n\n<script>\n    \/**Reproduzir viceo especifico com clique**\/\n    document.addEventListener(\"DOMContentLoaded\", () => {\n  const videoContainer = document.getElementById(\"sec-video-custom-2\");\n\n  if (videoContainer) {\n    const video = videoContainer.querySelector(\"video\");\n\n    if (video) {\n      videoContainer.addEventListener(\"click\", () => {\n        if (video.paused) {\n          video.play();\n        } else {\n          video.pause(); \n        }\n      });\n    } else {\n      console.error(\"Elemento <video> n\u00e3o encontrado dentro do cont\u00eainer.\");\n    }\n  } else {\n    console.error(\"Cont\u00eainer do v\u00eddeo com ID 'sec-video-custom-2' n\u00e3o encontrado.\");\n  }\n});\n\n<\/script>\n\t\t\t\t<\/div>\n\t\t\t\t<\/div>\n\t\t\t\t<div class=\"elementor-element elementor-element-6ac9533 titulo-especial-4 elementor-widget elementor-widget-heading\" data-id=\"6ac9533\" data-element_type=\"widget\" data-widget_type=\"heading.default\">\n\t\t\t\t<div class=\"elementor-widget-container\">\n\t\t\t\t\t<h2 class=\"elementor-heading-title elementor-size-default\"> Receba o seu material Gratuito<\/h2>\t\t\t\t<\/div>\n\t\t\t\t<\/div>\n\t\t\t\t<div class=\"elementor-element elementor-element-dec62a7 elementor-widget__width-initial elementor-widget elementor-widget-heading\" data-id=\"dec62a7\" data-element_type=\"widget\" data-widget_type=\"heading.default\">\n\t\t\t\t<div class=\"elementor-widget-container\">\n\t\t\t\t\t<h2 class=\"elementor-heading-title elementor-size-default\">Aproveite um eBook gratuito e um \u00e1udio de medita\u00e7\u00e3o para elevar a sua jornada de mindfulness, conectando-se \u00e0 Presen\u00e7a do Ser.\n<\/h2>\t\t\t\t<\/div>\n\t\t\t\t<\/div>\n\t\t\t\t\t<\/div>\n\t\t\t\t<\/div>\n\t\t<div class=\"elementor-element elementor-element-1012878 e-flex e-con-boxed e-con e-parent\" data-id=\"1012878\" data-element_type=\"container\">\n\t\t\t\t\t<div class=\"e-con-inner\">\n\t\t\t\t<div class=\"elementor-element elementor-element-e07188f elementor-widget elementor-widget-image\" data-id=\"e07188f\" data-element_type=\"widget\" data-widget_type=\"image.default\">\n\t\t\t\t<div class=\"elementor-widget-container\">\n\t\t\t\t\t\t\t\t\t\t\t\t\t\t\t<img fetchpriority=\"high\" decoding=\"async\" width=\"973\" height=\"538\" src=\"https:\/\/millahofficial.com\/wp-content\/uploads\/2025\/02\/box_g-copia-1.png\" class=\"attachment-full size-full wp-image-4544\" alt=\"\" srcset=\"https:\/\/millahofficial.com\/wp-content\/uploads\/2025\/02\/box_g-copia-1.png 973w, https:\/\/millahofficial.com\/wp-content\/uploads\/2025\/02\/box_g-copia-1-300x166.png 300w, https:\/\/millahofficial.com\/wp-content\/uploads\/2025\/02\/box_g-copia-1-768x425.png 768w\" sizes=\"(max-width: 973px) 100vw, 973px\" \/>\t\t\t\t\t\t\t\t\t\t\t\t\t\t\t<\/div>\n\t\t\t\t<\/div>\n\t\t<div class=\"elementor-element elementor-element-f57ca0a e-con-full e-flex e-con e-child\" data-id=\"f57ca0a\" data-element_type=\"container\">\n\t\t\t\t<\/div>\n\t\t\t\t\t<\/div>\n\t\t\t\t<\/div>\n\t\t<div class=\"elementor-element elementor-element-7317299 e-flex e-con-boxed e-con e-parent\" data-id=\"7317299\" data-element_type=\"container\">\n\t\t\t\t\t<div class=\"e-con-inner\">\n\t\t<div class=\"elementor-element elementor-element-ded3441 e-con-full e-flex e-con e-child\" data-id=\"ded3441\" data-element_type=\"container\">\n\t\t\t\t<div class=\"elementor-element elementor-element-00d52ce titulo-especial elementor-widget elementor-widget-heading\" data-id=\"00d52ce\" data-element_type=\"widget\" data-widget_type=\"heading.default\">\n\t\t\t\t<div class=\"elementor-widget-container\">\n\t\t\t\t\t<h2 class=\"elementor-heading-title elementor-size-default\">eBook <\/h2>\t\t\t\t<\/div>\n\t\t\t\t<\/div>\n\t\t\t\t<div class=\"elementor-element elementor-element-d34fde8 elementor-widget elementor-widget-heading\" data-id=\"d34fde8\" data-element_type=\"widget\" data-widget_type=\"heading.default\">\n\t\t\t\t<div class=\"elementor-widget-container\">\n\t\t\t\t\t<p class=\"elementor-heading-title elementor-size-default\">O Poder da Presen\u00e7a\nFerramentas pr\u00e1ticas para navegar no ambiente\n de trabalho com calma e clareza.<\/p>\t\t\t\t<\/div>\n\t\t\t\t<\/div>\n\t\t\t\t<\/div>\n\t\t<div class=\"elementor-element elementor-element-6f9a510 e-con-full e-flex e-con e-child\" data-id=\"6f9a510\" data-element_type=\"container\">\n\t\t\t\t<\/div>\n\t\t<div class=\"elementor-element elementor-element-14c95ce e-con-full e-flex e-con e-child\" data-id=\"14c95ce\" data-element_type=\"container\">\n\t\t\t\t<div class=\"elementor-element elementor-element-c4054bb titulo-especial elementor-widget elementor-widget-heading\" data-id=\"c4054bb\" data-element_type=\"widget\" data-widget_type=\"heading.default\">\n\t\t\t\t<div class=\"elementor-widget-container\">\n\t\t\t\t\t<h2 class=\"elementor-heading-title elementor-size-default\">Audio de medita\u00e7\u00e3o<\/h2>\t\t\t\t<\/div>\n\t\t\t\t<\/div>\n\t\t\t\t<div class=\"elementor-element elementor-element-427bb32 elementor-widget elementor-widget-heading\" data-id=\"427bb32\" data-element_type=\"widget\" data-widget_type=\"heading.default\">\n\t\t\t\t<div class=\"elementor-widget-container\">\n\t\t\t\t\t<p class=\"elementor-heading-title elementor-size-default\">Uma medita\u00e7\u00e3o relaxante para \nalinhar sua energia.<\/p>\t\t\t\t<\/div>\n\t\t\t\t<\/div>\n\t\t\t\t<\/div>\n\t\t\t\t\t<\/div>\n\t\t\t\t<\/div>\n\t\t<div class=\"elementor-element elementor-element-0dbb304 e-flex e-con-boxed e-con e-parent\" data-id=\"0dbb304\" data-element_type=\"container\">\n\t\t\t\t\t<div class=\"e-con-inner\">\n\t\t\t\t<div class=\"elementor-element elementor-element-101b22e titulo-especial elementor-widget elementor-widget-heading\" data-id=\"101b22e\" data-element_type=\"widget\" id=\"wsg\" data-widget_type=\"heading.default\">\n\t\t\t\t<div class=\"elementor-widget-container\">\n\t\t\t\t\t<h2 class=\"elementor-heading-title elementor-size-default\">Por que se inscrever?<\/h2>\t\t\t\t<\/div>\n\t\t\t\t<\/div>\n\t\t\t\t<div class=\"elementor-element elementor-element-ce95367 elementor-widget elementor-widget-heading\" data-id=\"ce95367\" data-element_type=\"widget\" data-widget_type=\"heading.default\">\n\t\t\t\t<div class=\"elementor-widget-container\">\n\t\t\t\t\t<p class=\"elementor-heading-title elementor-size-default\">Cultive a aten\u00e7\u00e3o plena e a presen\u00e7a.<br>\nAcesse recursos de alta qualidade gratuitamente.<br>\nExperimente ferramentas transformadoras para o crescimento pessoal.<\/p>\t\t\t\t<\/div>\n\t\t\t\t<\/div>\n\t\t\t\t<div class=\"elementor-element elementor-element-f2a2cfb elementor-widget elementor-widget-heading\" data-id=\"f2a2cfb\" data-element_type=\"widget\" data-widget_type=\"heading.default\">\n\t\t\t\t<div class=\"elementor-widget-container\">\n\t\t\t\t\t<h2 class=\"elementor-heading-title elementor-size-default\">Comece sua jornada hoje!<\/h2>\t\t\t\t<\/div>\n\t\t\t\t<\/div>\n\t\t<div class=\"elementor-element elementor-element-7071d9e e-con-full e-flex e-con e-child\" data-id=\"7071d9e\" data-element_type=\"container\">\n\t\t\t\t<div class=\"elementor-element elementor-element-7eb8048 elementor-button-align-center elementor-widget elementor-widget-form\" data-id=\"7eb8048\" data-element_type=\"widget\" id=\"mudabtn\" data-settings=\"{&quot;step_next_label&quot;:&quot;Next&quot;,&quot;step_previous_label&quot;:&quot;Previous&quot;,&quot;button_width&quot;:&quot;100&quot;,&quot;step_type&quot;:&quot;number_text&quot;,&quot;step_icon_shape&quot;:&quot;circle&quot;}\" data-widget_type=\"form.default\">\n\t\t\t\t<div class=\"elementor-widget-container\">\n\t\t\t\t\t\t\t<form class=\"elementor-form\" method=\"post\" name=\"New Form\">\n\t\t\t<input type=\"hidden\" name=\"post_id\" value=\"5115\"\/>\n\t\t\t<input type=\"hidden\" name=\"form_id\" value=\"7eb8048\"\/>\n\t\t\t<input type=\"hidden\" name=\"referer_title\" value=\"Free Stuff\" \/>\n\n\t\t\t\t\t\t\t<input type=\"hidden\" name=\"queried_id\" value=\"5115\"\/>\n\t\t\t\n\t\t\t<div class=\"elementor-form-fields-wrapper elementor-labels-above\">\n\t\t\t\t\t\t\t\t<div class=\"elementor-field-type-text elementor-field-group elementor-column elementor-field-group-name elementor-col-50\">\n\t\t\t\t\t\t\t\t\t\t\t\t\t<input size=\"1\" type=\"text\" name=\"form_fields[name]\" id=\"form-field-name\" class=\"elementor-field elementor-size-sm  elementor-field-textual\" placeholder=\"Nome\">\n\t\t\t\t\t\t\t\t\t\t\t<\/div>\n\t\t\t\t\t\t\t\t<div class=\"elementor-field-type-email elementor-field-group elementor-column elementor-field-group-email elementor-col-50 elementor-field-required\">\n\t\t\t\t\t\t\t\t\t\t\t\t\t<input size=\"1\" type=\"email\" name=\"form_fields[email]\" id=\"form-field-email\" class=\"elementor-field elementor-size-sm  elementor-field-textual\" placeholder=\"Email\" required=\"required\">\n\t\t\t\t\t\t\t\t\t\t\t<\/div>\n\t\t\t\t\t\t\t\t<div class=\"elementor-field-type-recaptcha_v3 elementor-field-group elementor-column elementor-field-group-field_9644b32 elementor-col-100 recaptcha_v3-bottomright\">\n\t\t\t\t\t<div class=\"elementor-field\" id=\"form-field-field_9644b32\"><div class=\"elementor-g-recaptcha\" data-sitekey=\"6LePYfkqAAAAAMjttMOMI7hK6zOfL3revfHU0j_m\" data-type=\"v3\" data-action=\"Form\" data-badge=\"bottomright\" data-size=\"invisible\"><\/div><\/div>\t\t\t\t<\/div>\n\t\t\t\t\t\t\t\t<div class=\"elementor-field-type-text\">\n\t\t\t\t\t<input size=\"1\" type=\"text\" name=\"form_fields[field_a34dc7d]\" id=\"form-field-field_a34dc7d\" class=\"elementor-field elementor-size-sm \" style=\"display:none !important;\">\t\t\t\t<\/div>\n\t\t\t\t\t\t\t\t<div class=\"elementor-field-type-recaptcha_v3 elementor-field-group elementor-column elementor-field-group-field_5c21c39 elementor-col-100 recaptcha_v3-bottomright\">\n\t\t\t\t\t<div class=\"elementor-field\" id=\"form-field-field_5c21c39\"><div class=\"elementor-g-recaptcha\" data-sitekey=\"6LePYfkqAAAAAMjttMOMI7hK6zOfL3revfHU0j_m\" data-type=\"v3\" data-action=\"Form\" data-badge=\"bottomright\" data-size=\"invisible\"><\/div><\/div>\t\t\t\t<\/div>\n\t\t\t\t\t\t\t\t<div class=\"elementor-field-group elementor-column elementor-field-type-submit elementor-col-100 e-form__buttons\">\n\t\t\t\t\t<button class=\"elementor-button elementor-size-sm\" type=\"submit\">\n\t\t\t\t\t\t<span class=\"elementor-button-content-wrapper\">\n\t\t\t\t\t\t\t\t\t\t\t\t\t\t\t\t\t\t\t\t\t\t<span class=\"elementor-button-text\">Download My Free Bundle <\/span>\n\t\t\t\t\t\t\t\t\t\t\t\t\t<\/span>\n\t\t\t\t\t<\/button>\n\t\t\t\t<\/div>\n\t\t\t<\/div>\n\t\t<\/form>\n\t\t\t\t\t\t<\/div>\n\t\t\t\t<\/div>\n\t\t\t\t<\/div>\n\t\t\t\t\t<\/div>\n\t\t\t\t<\/div>\n\t\t<div class=\"elementor-element elementor-element-65db21f e-con-full e-flex e-con e-parent\" data-id=\"65db21f\" data-element_type=\"container\" data-settings=\"{&quot;background_background&quot;:&quot;classic&quot;}\">\n\t\t\t\t<div class=\"elementor-element elementor-element-e094fa1 elementor-hidden-desktop elementor-hidden-tablet elementor-widget elementor-widget-image\" data-id=\"e094fa1\" data-element_type=\"widget\" data-widget_type=\"image.default\">\n\t\t\t\t<div class=\"elementor-widget-container\">\n\t\t\t\t\t\t\t\t\t\t\t\t\t\t\t<img decoding=\"async\" width=\"200\" height=\"65\" src=\"https:\/\/millahofficial.com\/wp-content\/uploads\/2025\/02\/setinha-removebg-preview.png\" class=\"attachment-full size-full wp-image-4162\" alt=\"\" \/>\t\t\t\t\t\t\t\t\t\t\t\t\t\t\t<\/div>\n\t\t\t\t<\/div>\n\t\t<div class=\"elementor-element elementor-element-7848edf e-con-full e-flex e-con e-child\" data-id=\"7848edf\" data-element_type=\"container\" data-settings=\"{&quot;background_background&quot;:&quot;classic&quot;}\">\n\t\t\t\t<\/div>\n\t\t<div class=\"elementor-element elementor-element-e0a032f e-flex e-con-boxed e-con e-child\" data-id=\"e0a032f\" data-element_type=\"container\" data-settings=\"{&quot;background_background&quot;:&quot;classic&quot;}\">\n\t\t\t\t\t<div class=\"e-con-inner\">\n\t\t\t\t<div class=\"elementor-element elementor-element-36c0995 titulo-especial elementor-widget elementor-widget-heading\" data-id=\"36c0995\" data-element_type=\"widget\" data-widget_type=\"heading.default\">\n\t\t\t\t<div class=\"elementor-widget-container\">\n\t\t\t\t\t<h2 class=\"elementor-heading-title elementor-size-default\">Pronto para ir mais fundo?<\/h2>\t\t\t\t<\/div>\n\t\t\t\t<\/div>\n\t\t\t\t<div class=\"elementor-element elementor-element-9f0e949 elementor-widget elementor-widget-text-editor\" data-id=\"9f0e949\" data-element_type=\"widget\" data-widget_type=\"text-editor.default\">\n\t\t\t\t<div class=\"elementor-widget-container\">\n\t\t\t\t\t\t\t\t\t<strong><span style=\"color: #ffffff;\">Voc\u00ea est\u00e1 procurando uma sess\u00e3o mais privada e personalizada, focada em sua jornada?<\/span><\/strong>\t\t\t\t\t\t\t\t<\/div>\n\t\t\t\t<\/div>\n\t\t\t\t<div class=\"elementor-element elementor-element-a710561 elementor-widget__width-initial elementor-widget elementor-widget-text-editor\" data-id=\"a710561\" data-element_type=\"widget\" data-widget_type=\"text-editor.default\">\n\t\t\t\t<div class=\"elementor-widget-container\">\n\t\t\t\t\t\t\t\t\tEntre na lista de espera para uma sess\u00e3o <strong data-start=\"570\" data-end=\"584\">One-on-One<\/strong> transformadora com Millah. Nossa equipe entrar\u00e1 em contato em breve com os pr\u00f3ximos passos.\t\t\t\t\t\t\t\t<\/div>\n\t\t\t\t<\/div>\n\t\t\t\t<div class=\"elementor-element elementor-element-bc63e50 elementor-widget__width-initial elementor-widget elementor-widget-text-editor\" data-id=\"bc63e50\" data-element_type=\"widget\" data-widget_type=\"text-editor.default\">\n\t\t\t\t<div class=\"elementor-widget-container\">\n\t\t\t\t\t\t\t\t\tInsira seu e-mail e receba as informa\u00e7\u00f5es e detalhes para a lista de espera.\t\t\t\t\t\t\t\t<\/div>\n\t\t\t\t<\/div>\n\t\t\t\t<div class=\"elementor-element elementor-element-2371d67 elementor-button-align-center elementor-widget__width-initial elementor-widget elementor-widget-form\" data-id=\"2371d67\" data-element_type=\"widget\" data-settings=\"{&quot;step_next_label&quot;:&quot;Next&quot;,&quot;step_previous_label&quot;:&quot;Previous&quot;,&quot;button_width&quot;:&quot;100&quot;,&quot;step_type&quot;:&quot;number_text&quot;,&quot;step_icon_shape&quot;:&quot;circle&quot;}\" data-widget_type=\"form.default\">\n\t\t\t\t<div class=\"elementor-widget-container\">\n\t\t\t\t\t\t\t<form class=\"elementor-form\" method=\"post\" name=\"New Form\">\n\t\t\t<input type=\"hidden\" name=\"post_id\" value=\"5115\"\/>\n\t\t\t<input type=\"hidden\" name=\"form_id\" value=\"2371d67\"\/>\n\t\t\t<input type=\"hidden\" name=\"referer_title\" value=\"Free Stuff\" \/>\n\n\t\t\t\t\t\t\t<input type=\"hidden\" name=\"queried_id\" value=\"5115\"\/>\n\t\t\t\n\t\t\t<div class=\"elementor-form-fields-wrapper elementor-labels-above\">\n\t\t\t\t\t\t\t\t<div class=\"elementor-field-type-text elementor-field-group elementor-column elementor-field-group-name elementor-col-50\">\n\t\t\t\t\t\t\t\t\t\t\t\t\t<input size=\"1\" type=\"text\" name=\"form_fields[name]\" id=\"form-field-name\" class=\"elementor-field elementor-size-sm  elementor-field-textual\" placeholder=\"Nome\">\n\t\t\t\t\t\t\t\t\t\t\t<\/div>\n\t\t\t\t\t\t\t\t<div class=\"elementor-field-type-email elementor-field-group elementor-column elementor-field-group-email elementor-col-50 elementor-field-required\">\n\t\t\t\t\t\t\t\t\t\t\t\t\t<input size=\"1\" type=\"email\" name=\"form_fields[email]\" id=\"form-field-email\" class=\"elementor-field elementor-size-sm  elementor-field-textual\" placeholder=\"Email\" required=\"required\">\n\t\t\t\t\t\t\t\t\t\t\t<\/div>\n\t\t\t\t\t\t\t\t<div class=\"elementor-field-type-tel elementor-field-group elementor-column elementor-field-group-field_c98c4e0 elementor-col-50\">\n\t\t\t\t\t\t\t<input size=\"1\" type=\"tel\" name=\"form_fields[field_c98c4e0]\" id=\"form-field-field_c98c4e0\" class=\"elementor-field elementor-size-sm  elementor-field-textual\" placeholder=\"Telefone\" pattern=\"[0-9()#&amp;+*-=.]+\" title=\"Only numbers and phone characters (#, -, *, etc) are accepted.\">\n\n\t\t\t\t\t\t<\/div>\n\t\t\t\t\t\t\t\t<div class=\"elementor-field-type-text elementor-field-group elementor-column elementor-field-group-field_c47b947 elementor-col-50\">\n\t\t\t\t\t\t\t\t\t\t\t\t\t<input size=\"1\" type=\"text\" name=\"form_fields[field_c47b947]\" id=\"form-field-field_c47b947\" class=\"elementor-field elementor-size-sm  elementor-field-textual\" placeholder=\"Idioma\">\n\t\t\t\t\t\t\t\t\t\t\t<\/div>\n\t\t\t\t\t\t\t\t<div class=\"elementor-field-type-text elementor-field-group elementor-column elementor-field-group-field_4157e49 elementor-col-50\">\n\t\t\t\t\t\t\t\t\t\t\t\t\t<input size=\"1\" type=\"text\" name=\"form_fields[field_4157e49]\" id=\"form-field-field_4157e49\" class=\"elementor-field elementor-size-sm  elementor-field-textual\" placeholder=\"Pa\u00eds\">\n\t\t\t\t\t\t\t\t\t\t\t<\/div>\n\t\t\t\t\t\t\t\t<div class=\"elementor-field-type-text elementor-field-group elementor-column elementor-field-group-field_1787c72 elementor-col-50\">\n\t\t\t\t\t\t\t\t\t\t\t\t\t<input size=\"1\" type=\"text\" name=\"form_fields[field_1787c72]\" id=\"form-field-field_1787c72\" class=\"elementor-field elementor-size-sm  elementor-field-textual\" placeholder=\"G\u00eanero\">\n\t\t\t\t\t\t\t\t\t\t\t<\/div>\n\t\t\t\t\t\t\t\t<div class=\"elementor-field-type-text\">\n\t\t\t\t\t<input size=\"1\" type=\"text\" name=\"form_fields[field_ae883f3]\" id=\"form-field-field_ae883f3\" class=\"elementor-field elementor-size-sm \" style=\"display:none !important;\">\t\t\t\t<\/div>\n\t\t\t\t\t\t\t\t<div class=\"elementor-field-type-recaptcha_v3 elementor-field-group elementor-column elementor-field-group-field_5f6a52a elementor-col-100 recaptcha_v3-bottomright\">\n\t\t\t\t\t<div class=\"elementor-field\" id=\"form-field-field_5f6a52a\"><div class=\"elementor-g-recaptcha\" data-sitekey=\"6LePYfkqAAAAAMjttMOMI7hK6zOfL3revfHU0j_m\" data-type=\"v3\" data-action=\"Form\" data-badge=\"bottomright\" data-size=\"invisible\"><\/div><\/div>\t\t\t\t<\/div>\n\t\t\t\t\t\t\t\t<div class=\"elementor-field-group elementor-column elementor-field-type-submit elementor-col-100 e-form__buttons\">\n\t\t\t\t\t<button class=\"elementor-button elementor-size-sm\" type=\"submit\" id=\"subm\">\n\t\t\t\t\t\t<span class=\"elementor-button-content-wrapper\">\n\t\t\t\t\t\t\t\t\t\t\t\t\t\t\t\t\t\t\t\t\t\t<span class=\"elementor-button-text\">ENVIAR<\/span>\n\t\t\t\t\t\t\t\t\t\t\t\t\t<\/span>\n\t\t\t\t\t<\/button>\n\t\t\t\t<\/div>\n\t\t\t<\/div>\n\t\t<\/form>\n\t\t\t\t\t\t<\/div>\n\t\t\t\t<\/div>\n\t\t\t\t\t<\/div>\n\t\t\t\t<\/div>\n\t\t\t\t<\/div>\n\t\t\t\t<\/div>\n\t\t","protected":false},"excerpt":{"rendered":"<p>Receba o seu material Gratuito Aproveite um eBook gratuito e um \u00e1udio de medita\u00e7\u00e3o para elevar a sua jornada de mindfulness, conectando-se \u00e0 Presen\u00e7a do Ser. eBook O Poder da Presen\u00e7a Ferramentas pr\u00e1ticas para navegar no ambiente de trabalho com calma e clareza. Audio de medita\u00e7\u00e3o Uma medita\u00e7\u00e3o relaxante para alinhar sua energia. Por que [&hellip;]<\/p>\n","protected":false},"author":1,"featured_media":0,"parent":0,"menu_order":0,"comment_status":"closed","ping_status":"closed","template":"elementor_header_footer","meta":{"footnotes":""},"class_list":["post-5115","page","type-page","status-publish","hentry"],"_links":{"self":[{"href":"https:\/\/millahofficial.com\/pt-br\/wp-json\/wp\/v2\/pages\/5115","targetHints":{"allow":["GET"]}}],"collection":[{"href":"https:\/\/millahofficial.com\/pt-br\/wp-json\/wp\/v2\/pages"}],"about":[{"href":"https:\/\/millahofficial.com\/pt-br\/wp-json\/wp\/v2\/types\/page"}],"author":[{"embeddable":true,"href":"https:\/\/millahofficial.com\/pt-br\/wp-json\/wp\/v2\/users\/1"}],"replies":[{"embeddable":true,"href":"https:\/\/millahofficial.com\/pt-br\/wp-json\/wp\/v2\/comments?post=5115"}],"version-history":[{"count":52,"href":"https:\/\/millahofficial.com\/pt-br\/wp-json\/wp\/v2\/pages\/5115\/revisions"}],"predecessor-version":[{"id":7195,"href":"https:\/\/millahofficial.com\/pt-br\/wp-json\/wp\/v2\/pages\/5115\/revisions\/7195"}],"wp:attachment":[{"href":"https:\/\/millahofficial.com\/pt-br\/wp-json\/wp\/v2\/media?parent=5115"}],"curies":[{"name":"wp","href":"https:\/\/api.w.org\/{rel}","templated":true}]}}