{"id":5113,"date":"2024-12-26T17:04:39","date_gmt":"2024-12-26T17:04:39","guid":{"rendered":"https:\/\/millahofficial.com\/events\/"},"modified":"2025-03-19T23:05:31","modified_gmt":"2025-03-19T23:05:31","slug":"events","status":"publish","type":"page","link":"https:\/\/millahofficial.com\/pt-br\/events\/","title":{"rendered":"Events"},"content":{"rendered":"\t\t<div data-elementor-type=\"wp-page\" data-elementor-id=\"5113\" class=\"elementor elementor-5113\" data-elementor-post-type=\"page\">\n\t\t\t\t<div class=\"elementor-element elementor-element-51d2e61 e-flex e-con-boxed e-con e-parent\" data-id=\"51d2e61\" data-element_type=\"container\" data-settings=\"{&quot;background_background&quot;:&quot;video&quot;,&quot;background_video_link&quot;:&quot;https:\\\/\\\/millahofficial.com\\\/wp-content\\\/uploads\\\/2025\\\/01\\\/Events-page-and-Carrosel-on-Home-1-1.mp4&quot;,&quot;background_play_on_mobile&quot;:&quot;yes&quot;}\">\n\t\t\t\t\t<div class=\"e-con-inner\">\n\t\t<div class=\"elementor-background-video-container\" aria-hidden=\"true\">\n\t\t\t\t\t\t\t<video class=\"elementor-background-video-hosted\" autoplay muted playsinline loop><\/video>\n\t\t\t\t\t<\/div>\t\t<div class=\"elementor-element elementor-element-2fe4419 elementor-widget elementor-widget-html\" data-id=\"2fe4419\" data-element_type=\"widget\" data-widget_type=\"html.default\">\n\t\t\t\t<div class=\"elementor-widget-container\">\n\t\t\t\t\t<style>\n    .titulo-especial{ background: linear-gradient(to right, #CFB875, #73532A); -webkit-background-clip: text; -webkit-text-fill-color: transparent; background-clip: text; text-fill-color: transparent; }\n      \n .titulo-especial-2 {\n        background: linear-gradient(to right, #AB9E6F, #b9a37c, #bb9a67);\n        -webkit-background-clip: text;\n        -webkit-text-fill-color: transparent;\n        background-clip: text;\n        text-fill-color: transparent;\n        }\n        \n    .titulo-especial-3 {\n       background: linear-gradient(45deg, #7e7547 30%, #B09C70 50%, #32291d 100%);\n        -webkit-background-clip: text;\n        -webkit-text-fill-color: transparent;\n        background-clip: text;\n        text-fill-color: transparent;\n        }\n      \n      #content > div > div > div > div > div.elementor-element.elementor-element-48c954c.e-con-full.e-flex.e-con.e-child > div > div > form > div > div.elementor-field-type-checkbox.elementor-field-group.elementor-column.elementor-field-group-field_4688067.elementor-col-100 > div > span > label {\n          color:white;\n      }\n      .e-n-accordion-item-title-text {\n          text-align: center;\n      }\n<\/style>\t\t\t\t<\/div>\n\t\t\t\t<\/div>\n\t\t\t\t<div class=\"elementor-element elementor-element-ac6d3e5 titulo-especial-2 elementor-widget elementor-widget-heading\" data-id=\"ac6d3e5\" data-element_type=\"widget\" data-widget_type=\"heading.default\">\n\t\t\t\t<div class=\"elementor-widget-container\">\n\t\t\t\t\t<h2 class=\"elementor-heading-title elementor-size-default\">Descubra experi\u00eancias transformadoras<\/h2>\t\t\t\t<\/div>\n\t\t\t\t<\/div>\n\t\t\t\t<div class=\"elementor-element elementor-element-e2c0beb elementor-widget__width-initial elementor-widget elementor-widget-text-editor\" data-id=\"e2c0beb\" data-element_type=\"widget\" data-widget_type=\"text-editor.default\">\n\t\t\t\t<div class=\"elementor-widget-container\">\n\t\t\t\t\t\t\t\t\tParticipe dos eventos, retiros e colabora\u00e7\u00f5es exclusivos de Millah projetados para alinhar sua energia e elevar sua vida.\t\t\t\t\t\t\t\t<\/div>\n\t\t\t\t<\/div>\n\t\t\t\t<div class=\"elementor-element elementor-element-2fccb24 elementor-align-center elementor-widget elementor-widget-button\" data-id=\"2fccb24\" data-element_type=\"widget\" data-widget_type=\"button.default\">\n\t\t\t\t<div class=\"elementor-widget-container\">\n\t\t\t\t\t\t\t\t\t<div class=\"elementor-button-wrapper\">\n\t\t\t\t\t<a class=\"elementor-button elementor-button-link elementor-size-sm\" href=\"#upcoming\">\n\t\t\t\t\t\t<span class=\"elementor-button-content-wrapper\">\n\t\t\t\t\t\t\t\t\t<span class=\"elementor-button-text\">Explorar os pr\u00f3ximos eventos<\/span>\n\t\t\t\t\t<\/span>\n\t\t\t\t\t<\/a>\n\t\t\t\t<\/div>\n\t\t\t\t\t\t\t\t<\/div>\n\t\t\t\t<\/div>\n\t\t\t\t\t<\/div>\n\t\t\t\t<\/div>\n\t\t<div class=\"elementor-element elementor-element-6478971 e-flex e-con-boxed e-con e-parent\" data-id=\"6478971\" data-element_type=\"container\">\n\t\t\t\t\t<div class=\"e-con-inner\">\n\t\t\t\t<div class=\"elementor-element elementor-element-558e593 titulo-especial-3 elementor-widget elementor-widget-heading\" data-id=\"558e593\" data-element_type=\"widget\" id=\"upcoming\" data-widget_type=\"heading.default\">\n\t\t\t\t<div class=\"elementor-widget-container\">\n\t\t\t\t\t<h2 class=\"elementor-heading-title elementor-size-default\">Pr\u00f3ximos eventos de Millah<\/h2>\t\t\t\t<\/div>\n\t\t\t\t<\/div>\n\t\t<div class=\"elementor-element elementor-element-cd6fa9c e-con-full e-flex e-con e-child\" data-id=\"cd6fa9c\" data-element_type=\"container\">\n\t\t\t\t<div class=\"elementor-element elementor-element-164348d elementor-widget-mobile__width-inherit elementor-widget elementor-widget-image\" data-id=\"164348d\" data-element_type=\"widget\" data-widget_type=\"image.default\">\n\t\t\t\t<div class=\"elementor-widget-container\">\n\t\t\t\t\t\t\t\t\t\t\t\t\t\t\t<img fetchpriority=\"high\" decoding=\"async\" width=\"282\" height=\"258\" src=\"https:\/\/millahofficial.com\/wp-content\/uploads\/2025\/02\/Camada-35.png\" class=\"attachment-full size-full wp-image-4460\" alt=\"\" \/>\t\t\t\t\t\t\t\t\t\t\t\t\t\t\t<\/div>\n\t\t\t\t<\/div>\n\t\t<div class=\"elementor-element elementor-element-9843a3e e-con-full e-flex e-con e-child\" data-id=\"9843a3e\" data-element_type=\"container\">\n\t\t<div class=\"elementor-element elementor-element-9f554d6 e-con-full e-flex e-con e-child\" data-id=\"9f554d6\" data-element_type=\"container\">\n\t\t\t\t<div class=\"elementor-element elementor-element-b71d076 elementor-widget elementor-widget-heading\" data-id=\"b71d076\" data-element_type=\"widget\" data-widget_type=\"heading.default\">\n\t\t\t\t<div class=\"elementor-widget-container\">\n\t\t\t\t\t<h2 class=\"elementor-heading-title elementor-size-default\">\ud83c\udde7\ud83c\uddf7 No momento, n\u00e3o temos eventos programados no territ\u00f3rio brasileiro.<\/h2>\t\t\t\t<\/div>\n\t\t\t\t<\/div>\n\t\t\t\t<\/div>\n\t\t<div class=\"elementor-element elementor-element-37c6aa1 e-con-full e-flex e-con e-child\" data-id=\"37c6aa1\" data-element_type=\"container\">\n\t\t\t\t<div class=\"elementor-element elementor-element-e427b0b elementor-widget elementor-widget-text-editor\" data-id=\"e427b0b\" data-element_type=\"widget\" data-widget_type=\"text-editor.default\">\n\t\t\t\t<div class=\"elementor-widget-container\">\n\t\t\t\t\t\t\t\t\t<p>Por favor, verifique a p\u00e1gina de eventos internacionais na vers\u00e3o americana do nosso site.<\/p>\t\t\t\t\t\t\t\t<\/div>\n\t\t\t\t<\/div>\n\t\t\t\t<\/div>\n\t\t<div class=\"elementor-element elementor-element-5dc3e91 e-con-full e-flex e-con e-child\" data-id=\"5dc3e91\" data-element_type=\"container\">\n\t\t\t\t<\/div>\n\t\t<div class=\"elementor-element elementor-element-498c4db e-con-full e-flex e-con e-child\" data-id=\"498c4db\" data-element_type=\"container\">\n\t\t\t\t<div class=\"elementor-element elementor-element-8e52880 elementor-align-justify elementor-widget__width-initial elementor-widget elementor-widget-button\" data-id=\"8e52880\" data-element_type=\"widget\" data-widget_type=\"button.default\">\n\t\t\t\t<div class=\"elementor-widget-container\">\n\t\t\t\t\t\t\t\t\t<div class=\"elementor-button-wrapper\">\n\t\t\t\t\t<a class=\"elementor-button elementor-button-link elementor-size-sm\" href=\"https:\/\/millahofficial.com\/events\/\">\n\t\t\t\t\t\t<span class=\"elementor-button-content-wrapper\">\n\t\t\t\t\t\t\t\t\t<span class=\"elementor-button-text\">Eventos Internacionais<\/span>\n\t\t\t\t\t<\/span>\n\t\t\t\t\t<\/a>\n\t\t\t\t<\/div>\n\t\t\t\t\t\t\t\t<\/div>\n\t\t\t\t<\/div>\n\t\t\t\t<\/div>\n\t\t\t\t<\/div>\n\t\t\t\t<\/div>\n\t\t\t\t\t<\/div>\n\t\t\t\t<\/div>\n\t\t<div class=\"elementor-element elementor-element-790e60b e-flex e-con-boxed e-con e-parent\" data-id=\"790e60b\" data-element_type=\"container\">\n\t\t\t\t\t<div class=\"e-con-inner\">\n\t\t\t\t<div class=\"elementor-element elementor-element-a6c09c9 titulo-especial-3 elementor-widget elementor-widget-heading\" data-id=\"a6c09c9\" data-element_type=\"widget\" data-widget_type=\"heading.default\">\n\t\t\t\t<div class=\"elementor-widget-container\">\n\t\t\t\t\t<h2 class=\"elementor-heading-title elementor-size-default\">Retiros e Colabora\u00e7\u00f5es<\/h2>\t\t\t\t<\/div>\n\t\t\t\t<\/div>\n\t\t<div class=\"elementor-element elementor-element-a9207d3 e-con-full e-flex e-con e-child\" data-id=\"a9207d3\" data-element_type=\"container\">\n\t\t<div class=\"elementor-element elementor-element-9d3a452 e-con-full e-flex e-con e-child\" data-id=\"9d3a452\" data-element_type=\"container\">\n\t\t\t\t<div class=\"elementor-element elementor-element-f71baa7 elementor-widget elementor-widget-image\" data-id=\"f71baa7\" data-element_type=\"widget\" data-widget_type=\"image.default\">\n\t\t\t\t<div class=\"elementor-widget-container\">\n\t\t\t\t\t\t\t\t\t\t\t\t\t\t\t<img decoding=\"async\" width=\"590\" height=\"336\" src=\"https:\/\/millahofficial.com\/wp-content\/uploads\/2025\/02\/camada1.png\" class=\"attachment-full size-full wp-image-4461\" alt=\"\" srcset=\"https:\/\/millahofficial.com\/wp-content\/uploads\/2025\/02\/camada1.png 590w, https:\/\/millahofficial.com\/wp-content\/uploads\/2025\/02\/camada1-300x171.png 300w\" sizes=\"(max-width: 590px) 100vw, 590px\" \/>\t\t\t\t\t\t\t\t\t\t\t\t\t\t\t<\/div>\n\t\t\t\t<\/div>\n\t\t\t\t<div class=\"elementor-element elementor-element-405bb9f elementor-widget elementor-widget-heading\" data-id=\"405bb9f\" data-element_type=\"widget\" data-widget_type=\"heading.default\">\n\t\t\t\t<div class=\"elementor-widget-container\">\n\t\t\t\t\t<h2 class=\"elementor-heading-title elementor-size-default\">Retiro Quantum Immersion<\/h2>\t\t\t\t<\/div>\n\t\t\t\t<\/div>\n\t\t\t\t<div class=\"elementor-element elementor-element-664cb3f elementor-widget elementor-widget-text-editor\" data-id=\"664cb3f\" data-element_type=\"widget\" data-widget_type=\"text-editor.default\">\n\t\t\t\t<div class=\"elementor-widget-container\">\n\t\t\t\t\t\t\t\t\tMergulhe em uma s\u00e9rie de atividades transformadoras destinadas a liberar bloqueios espirituais, conectar-se com a energia universal, aquietar a mente, alinhar-se com seu corpo e explorar os poderes elementares que nos unem a todos. Experimente retiros de v\u00e1rios dias em destinos deslumbrantes que rejuvenescem sua mente, corpo e alma.&#8221;\t\t\t\t\t\t\t\t<\/div>\n\t\t\t\t<\/div>\n\t\t\t\t<div class=\"elementor-element elementor-element-c121064 elementor-align-justify elementor-widget__width-initial elementor-widget elementor-widget-button\" data-id=\"c121064\" data-element_type=\"widget\" data-widget_type=\"button.default\">\n\t\t\t\t<div class=\"elementor-widget-container\">\n\t\t\t\t\t\t\t\t\t<div class=\"elementor-button-wrapper\">\n\t\t\t\t\t<a class=\"elementor-button elementor-button-link elementor-size-sm\" href=\"https:\/\/millahofficial.com\/pt-br\/quantum\/\">\n\t\t\t\t\t\t<span class=\"elementor-button-content-wrapper\">\n\t\t\t\t\t\t\t\t\t<span class=\"elementor-button-text\">DESCOBRIR MAIS<\/span>\n\t\t\t\t\t<\/span>\n\t\t\t\t\t<\/a>\n\t\t\t\t<\/div>\n\t\t\t\t\t\t\t\t<\/div>\n\t\t\t\t<\/div>\n\t\t\t\t<\/div>\n\t\t<div class=\"elementor-element elementor-element-e1d0285 e-con-full e-flex e-con e-child\" data-id=\"e1d0285\" data-element_type=\"container\">\n\t\t\t\t<div class=\"elementor-element elementor-element-cd03164 elementor-widget elementor-widget-image\" data-id=\"cd03164\" data-element_type=\"widget\" data-widget_type=\"image.default\">\n\t\t\t\t<div class=\"elementor-widget-container\">\n\t\t\t\t\t\t\t\t\t\t\t\t\t\t\t<img decoding=\"async\" width=\"590\" height=\"336\" src=\"https:\/\/millahofficial.com\/wp-content\/uploads\/2025\/02\/camada2.png\" class=\"attachment-full size-full wp-image-4462\" alt=\"\" srcset=\"https:\/\/millahofficial.com\/wp-content\/uploads\/2025\/02\/camada2.png 590w, https:\/\/millahofficial.com\/wp-content\/uploads\/2025\/02\/camada2-300x171.png 300w\" sizes=\"(max-width: 590px) 100vw, 590px\" \/>\t\t\t\t\t\t\t\t\t\t\t\t\t\t\t<\/div>\n\t\t\t\t<\/div>\n\t\t\t\t<div class=\"elementor-element elementor-element-18481a6 elementor-widget elementor-widget-heading\" data-id=\"18481a6\" data-element_type=\"widget\" data-widget_type=\"heading.default\">\n\t\t\t\t<div class=\"elementor-widget-container\">\n\t\t\t\t\t<h2 class=\"elementor-heading-title elementor-size-default\">WeTuneIn <\/h2>\t\t\t\t<\/div>\n\t\t\t\t<\/div>\n\t\t\t\t<div class=\"elementor-element elementor-element-6831917 elementor-widget elementor-widget-text-editor\" data-id=\"6831917\" data-element_type=\"widget\" data-widget_type=\"text-editor.default\">\n\t\t\t\t<div class=\"elementor-widget-container\">\n\t\t\t\t\t\t\t\t\t<p>Medita\u00e7\u00e3o coletiva. Cultiva uma personalidade equilibrada e integrada, reduzindo conflitos que o puxam em diferentes dire\u00e7\u00f5es.<\/p><p>Participe de experi\u00eancias \u00fanicas com curadoria da WeTuneIn, combinando aten\u00e7\u00e3o plena, comunidade e inova\u00e7\u00e3o.<\/p>\t\t\t\t\t\t\t\t<\/div>\n\t\t\t\t<\/div>\n\t\t\t\t<div class=\"elementor-element elementor-element-b386c98 elementor-align-justify elementor-widget__width-initial elementor-widget elementor-widget-button\" data-id=\"b386c98\" data-element_type=\"widget\" data-widget_type=\"button.default\">\n\t\t\t\t<div class=\"elementor-widget-container\">\n\t\t\t\t\t\t\t\t\t<div class=\"elementor-button-wrapper\">\n\t\t\t\t\t<a class=\"elementor-button elementor-button-link elementor-size-sm\" href=\"https:\/\/wetunein.com\/\" target=\"_blank\">\n\t\t\t\t\t\t<span class=\"elementor-button-content-wrapper\">\n\t\t\t\t\t\t\t\t\t<span class=\"elementor-button-text\">DESCOBRIR MAIS<\/span>\n\t\t\t\t\t<\/span>\n\t\t\t\t\t<\/a>\n\t\t\t\t<\/div>\n\t\t\t\t\t\t\t\t<\/div>\n\t\t\t\t<\/div>\n\t\t\t\t<\/div>\n\t\t\t\t<\/div>\n\t\t\t\t\t<\/div>\n\t\t\t\t<\/div>\n\t\t<div class=\"elementor-element elementor-element-f640b31 e-con-full e-flex e-con e-parent\" data-id=\"f640b31\" data-element_type=\"container\" data-settings=\"{&quot;background_background&quot;:&quot;classic&quot;}\">\n\t\t\t\t<div class=\"elementor-element elementor-element-20a76d4 elementor-hidden-desktop elementor-hidden-tablet elementor-widget elementor-widget-image\" data-id=\"20a76d4\" data-element_type=\"widget\" data-widget_type=\"image.default\">\n\t\t\t\t<div class=\"elementor-widget-container\">\n\t\t\t\t\t\t\t\t\t\t\t\t\t\t\t<img loading=\"lazy\" decoding=\"async\" width=\"200\" height=\"65\" src=\"https:\/\/millahofficial.com\/wp-content\/uploads\/2025\/02\/setinha-removebg-preview.png\" class=\"attachment-full size-full wp-image-4162\" alt=\"\" \/>\t\t\t\t\t\t\t\t\t\t\t\t\t\t\t<\/div>\n\t\t\t\t<\/div>\n\t\t<div class=\"elementor-element elementor-element-20d440d e-con-full e-flex e-con e-child\" data-id=\"20d440d\" data-element_type=\"container\" data-settings=\"{&quot;background_background&quot;:&quot;classic&quot;}\">\n\t\t\t\t<\/div>\n\t\t<div class=\"elementor-element elementor-element-9c80f54 e-flex e-con-boxed e-con e-child\" data-id=\"9c80f54\" data-element_type=\"container\" data-settings=\"{&quot;background_background&quot;:&quot;classic&quot;}\">\n\t\t\t\t\t<div class=\"e-con-inner\">\n\t\t\t\t<div class=\"elementor-element elementor-element-23a39b9 titulo-especial elementor-widget elementor-widget-heading\" data-id=\"23a39b9\" data-element_type=\"widget\" data-widget_type=\"heading.default\">\n\t\t\t\t<div class=\"elementor-widget-container\">\n\t\t\t\t\t<h2 class=\"elementor-heading-title elementor-size-default\">Pronto para ir mais fundo?<\/h2>\t\t\t\t<\/div>\n\t\t\t\t<\/div>\n\t\t\t\t<div class=\"elementor-element elementor-element-be5c1a1 elementor-widget elementor-widget-text-editor\" data-id=\"be5c1a1\" data-element_type=\"widget\" data-widget_type=\"text-editor.default\">\n\t\t\t\t<div class=\"elementor-widget-container\">\n\t\t\t\t\t\t\t\t\t<strong><span style=\"color: #ffffff;\">Voc\u00ea est\u00e1 procurando uma sess\u00e3o mais privada e personalizada, focada em sua jornada?<\/span><\/strong>\t\t\t\t\t\t\t\t<\/div>\n\t\t\t\t<\/div>\n\t\t\t\t<div class=\"elementor-element elementor-element-cf5b3ad elementor-widget__width-initial elementor-widget elementor-widget-text-editor\" data-id=\"cf5b3ad\" data-element_type=\"widget\" data-widget_type=\"text-editor.default\">\n\t\t\t\t<div class=\"elementor-widget-container\">\n\t\t\t\t\t\t\t\t\tEntre na lista de espera para uma sess\u00e3o <strong data-start=\"570\" data-end=\"584\">One-on-One<\/strong> transformadora com Millah. Nossa equipe entrar\u00e1 em contato em breve com os pr\u00f3ximos passos.\t\t\t\t\t\t\t\t<\/div>\n\t\t\t\t<\/div>\n\t\t\t\t<div class=\"elementor-element elementor-element-171ac00 elementor-widget__width-initial elementor-widget elementor-widget-text-editor\" data-id=\"171ac00\" data-element_type=\"widget\" data-widget_type=\"text-editor.default\">\n\t\t\t\t<div class=\"elementor-widget-container\">\n\t\t\t\t\t\t\t\t\tInsira seu e-mail e receba as informa\u00e7\u00f5es e detalhes para a lista de espera.\t\t\t\t\t\t\t\t<\/div>\n\t\t\t\t<\/div>\n\t\t\t\t<div class=\"elementor-element elementor-element-a4aedba elementor-button-align-center elementor-widget__width-initial elementor-widget elementor-widget-form\" data-id=\"a4aedba\" data-element_type=\"widget\" data-settings=\"{&quot;step_next_label&quot;:&quot;Next&quot;,&quot;step_previous_label&quot;:&quot;Previous&quot;,&quot;button_width&quot;:&quot;100&quot;,&quot;step_type&quot;:&quot;number_text&quot;,&quot;step_icon_shape&quot;:&quot;circle&quot;}\" data-widget_type=\"form.default\">\n\t\t\t\t<div class=\"elementor-widget-container\">\n\t\t\t\t\t\t\t<form class=\"elementor-form\" method=\"post\" name=\"New Form\">\n\t\t\t<input type=\"hidden\" name=\"post_id\" value=\"5113\"\/>\n\t\t\t<input type=\"hidden\" name=\"form_id\" value=\"a4aedba\"\/>\n\t\t\t<input type=\"hidden\" name=\"referer_title\" value=\"Events\" \/>\n\n\t\t\t\t\t\t\t<input type=\"hidden\" name=\"queried_id\" value=\"5113\"\/>\n\t\t\t\n\t\t\t<div class=\"elementor-form-fields-wrapper elementor-labels-above\">\n\t\t\t\t\t\t\t\t<div class=\"elementor-field-type-text elementor-field-group elementor-column elementor-field-group-name elementor-col-50\">\n\t\t\t\t\t\t\t\t\t\t\t\t\t<input size=\"1\" type=\"text\" name=\"form_fields[name]\" id=\"form-field-name\" class=\"elementor-field elementor-size-sm  elementor-field-textual\" placeholder=\"Nome\">\n\t\t\t\t\t\t\t\t\t\t\t<\/div>\n\t\t\t\t\t\t\t\t<div class=\"elementor-field-type-email elementor-field-group elementor-column elementor-field-group-email elementor-col-50 elementor-field-required\">\n\t\t\t\t\t\t\t\t\t\t\t\t\t<input size=\"1\" type=\"email\" name=\"form_fields[email]\" id=\"form-field-email\" class=\"elementor-field elementor-size-sm  elementor-field-textual\" placeholder=\"Email\" required=\"required\">\n\t\t\t\t\t\t\t\t\t\t\t<\/div>\n\t\t\t\t\t\t\t\t<div class=\"elementor-field-type-tel elementor-field-group elementor-column elementor-field-group-field_c98c4e0 elementor-col-50\">\n\t\t\t\t\t\t\t<input size=\"1\" type=\"tel\" name=\"form_fields[field_c98c4e0]\" id=\"form-field-field_c98c4e0\" class=\"elementor-field elementor-size-sm  elementor-field-textual\" placeholder=\"Telefone\" pattern=\"[0-9()#&amp;+*-=.]+\" title=\"Only numbers and phone characters (#, -, *, etc) are accepted.\">\n\n\t\t\t\t\t\t<\/div>\n\t\t\t\t\t\t\t\t<div class=\"elementor-field-type-text elementor-field-group elementor-column elementor-field-group-field_c47b947 elementor-col-50\">\n\t\t\t\t\t\t\t\t\t\t\t\t\t<input size=\"1\" type=\"text\" name=\"form_fields[field_c47b947]\" id=\"form-field-field_c47b947\" class=\"elementor-field elementor-size-sm  elementor-field-textual\" placeholder=\"Idioma\">\n\t\t\t\t\t\t\t\t\t\t\t<\/div>\n\t\t\t\t\t\t\t\t<div class=\"elementor-field-type-text elementor-field-group elementor-column elementor-field-group-field_4157e49 elementor-col-50\">\n\t\t\t\t\t\t\t\t\t\t\t\t\t<input size=\"1\" type=\"text\" name=\"form_fields[field_4157e49]\" id=\"form-field-field_4157e49\" class=\"elementor-field elementor-size-sm  elementor-field-textual\" placeholder=\"Pa\u00eds\">\n\t\t\t\t\t\t\t\t\t\t\t<\/div>\n\t\t\t\t\t\t\t\t<div class=\"elementor-field-type-text elementor-field-group elementor-column elementor-field-group-field_1787c72 elementor-col-50\">\n\t\t\t\t\t\t\t\t\t\t\t\t\t<input size=\"1\" type=\"text\" name=\"form_fields[field_1787c72]\" id=\"form-field-field_1787c72\" class=\"elementor-field elementor-size-sm  elementor-field-textual\" placeholder=\"G\u00eanero\">\n\t\t\t\t\t\t\t\t\t\t\t<\/div>\n\t\t\t\t\t\t\t\t<div class=\"elementor-field-type-text\">\n\t\t\t\t\t<input size=\"1\" type=\"text\" name=\"form_fields[field_40d5a0e]\" id=\"form-field-field_40d5a0e\" class=\"elementor-field elementor-size-sm \" style=\"display:none !important;\">\t\t\t\t<\/div>\n\t\t\t\t\t\t\t\t<div class=\"elementor-field-type-recaptcha_v3 elementor-field-group elementor-column elementor-field-group-field_8c95811 elementor-col-100 recaptcha_v3-bottomright\">\n\t\t\t\t\t<div class=\"elementor-field\" id=\"form-field-field_8c95811\"><div class=\"elementor-g-recaptcha\" data-sitekey=\"6LePYfkqAAAAAMjttMOMI7hK6zOfL3revfHU0j_m\" data-type=\"v3\" data-action=\"Form\" data-badge=\"bottomright\" data-size=\"invisible\"><\/div><\/div>\t\t\t\t<\/div>\n\t\t\t\t\t\t\t\t<div class=\"elementor-field-group elementor-column elementor-field-type-submit elementor-col-100 e-form__buttons\">\n\t\t\t\t\t<button class=\"elementor-button elementor-size-sm\" type=\"submit\" id=\"subm\">\n\t\t\t\t\t\t<span class=\"elementor-button-content-wrapper\">\n\t\t\t\t\t\t\t\t\t\t\t\t\t\t\t\t\t\t\t\t\t\t<span class=\"elementor-button-text\">ENVIAR<\/span>\n\t\t\t\t\t\t\t\t\t\t\t\t\t<\/span>\n\t\t\t\t\t<\/button>\n\t\t\t\t<\/div>\n\t\t\t<\/div>\n\t\t<\/form>\n\t\t\t\t\t\t<\/div>\n\t\t\t\t<\/div>\n\t\t\t\t\t<\/div>\n\t\t\t\t<\/div>\n\t\t\t\t<\/div>\n\t\t\t\t<\/div>\n\t\t","protected":false},"excerpt":{"rendered":"<p>Descubra experi\u00eancias transformadoras Participe dos eventos, retiros e colabora\u00e7\u00f5es exclusivos de Millah projetados para alinhar sua energia e elevar sua vida. Explorar os pr\u00f3ximos eventos Pr\u00f3ximos eventos de Millah \ud83c\udde7\ud83c\uddf7 No momento, n\u00e3o temos eventos programados no territ\u00f3rio brasileiro. Por favor, verifique a p\u00e1gina de eventos internacionais na vers\u00e3o americana do nosso site. Eventos Internacionais [&hellip;]<\/p>\n","protected":false},"author":1,"featured_media":0,"parent":0,"menu_order":0,"comment_status":"closed","ping_status":"closed","template":"","meta":{"footnotes":""},"class_list":["post-5113","page","type-page","status-publish","hentry"],"_links":{"self":[{"href":"https:\/\/millahofficial.com\/pt-br\/wp-json\/wp\/v2\/pages\/5113","targetHints":{"allow":["GET"]}}],"collection":[{"href":"https:\/\/millahofficial.com\/pt-br\/wp-json\/wp\/v2\/pages"}],"about":[{"href":"https:\/\/millahofficial.com\/pt-br\/wp-json\/wp\/v2\/types\/page"}],"author":[{"embeddable":true,"href":"https:\/\/millahofficial.com\/pt-br\/wp-json\/wp\/v2\/users\/1"}],"replies":[{"embeddable":true,"href":"https:\/\/millahofficial.com\/pt-br\/wp-json\/wp\/v2\/comments?post=5113"}],"version-history":[{"count":25,"href":"https:\/\/millahofficial.com\/pt-br\/wp-json\/wp\/v2\/pages\/5113\/revisions"}],"predecessor-version":[{"id":6607,"href":"https:\/\/millahofficial.com\/pt-br\/wp-json\/wp\/v2\/pages\/5113\/revisions\/6607"}],"wp:attachment":[{"href":"https:\/\/millahofficial.com\/pt-br\/wp-json\/wp\/v2\/media?parent=5113"}],"curies":[{"name":"wp","href":"https:\/\/api.w.org\/{rel}","templated":true}]}}